{"id":2,"date":"2016-05-10T03:48:21","date_gmt":"2016-05-10T03:48:21","guid":{"rendered":"http:\/\/olaf.kunden.dedando.de\/?page_id=2"},"modified":"2021-03-08T16:34:18","modified_gmt":"2021-03-08T16:34:18","slug":"sample-page","status":"publish","type":"page","link":"https:\/\/olaf.kunden.dedando.de\/","title":{"rendered":"Startseite"},"content":{"rendered":"\n<div class=\"wp-block-image\"><figure class=\"alignleft size-large\"><img decoding=\"async\" loading=\"lazy\" width=\"349\" height=\"262\" src=\"http:\/\/olaf.kunden.dedando.de\/wp-content\/uploads\/2021\/03\/photo.jpg\" alt=\"\" class=\"wp-image-5\" srcset=\"https:\/\/olaf.kunden.dedando.de\/wp-content\/uploads\/2021\/03\/photo.jpg 349w, https:\/\/olaf.kunden.dedando.de\/wp-content\/uploads\/2021\/03\/photo-300x225.jpg 300w\" sizes=\"(max-width: 349px) 100vw, 349px\" \/><\/figure><\/div>\n\n\n\n<p><strong>Viel zu fr\u00fch hat Olaf uns verlassen.<\/strong> Zu viele hatten aufgrund der aktuellen Situation nicht die M\u00f6glichkeit an der Trauerfeier teilzunehmen. Mit diesem virtuellen Trauerraum m\u00f6chten wir allen, die bisher keine Gelegenheit dazu hatten, die M\u00f6glichkeit geben von Olaf Abschied zu nehmen und ihre Kondolenzw\u00fcnsche zu hinterlassen. Olaf wurde im Friedwald in der Bremer Schweiz im Kreise von Familie und Freunden am 27.02.2021 beigesetzt.<\/p>\n\n\n\n<p><em>&#8222;<strong>Die Zeit heilt nicht alle Wunden,<\/strong><\/em><\/p>\n\n\n\n<p><strong><em>sie lehrt uns nur mit dem Unbegreiflichen zu leben.&#8220;<\/em><\/strong><\/p>\n\n\n\n<p class=\"has-drop-cap\"><\/p>\n","protected":false},"excerpt":{"rendered":"<p>Viel zu fr\u00fch hat Olaf uns verlassen. Zu viele hatten aufgrund der aktuellen Situation nicht die M\u00f6glichkeit an der Trauerfeier teilzunehmen. Mit diesem virtuellen Trauerraum m\u00f6chten wir allen, die bisher keine Gelegenheit dazu hatten, die M\u00f6glichkeit geben von Olaf Abschied zu nehmen und ihre Kondolenzw\u00fcnsche zu hinterlassen. Olaf wurde im Friedwald in der Bremer Schweiz&hellip; <a class=\"more-link\" href=\"https:\/\/olaf.kunden.dedando.de\/\"><span class=\"screen-reader-text\">Startseite<\/span> weiterlesen<\/a><\/p>\n","protected":false},"author":1,"featured_media":0,"parent":0,"menu_order":0,"comment_status":"open","ping_status":"open","template":"home.php","meta":{"footnotes":""},"acf":[],"_links":{"self":[{"href":"https:\/\/olaf.kunden.dedando.de\/index.php?rest_route=\/wp\/v2\/pages\/2"}],"collection":[{"href":"https:\/\/olaf.kunden.dedando.de\/index.php?rest_route=\/wp\/v2\/pages"}],"about":[{"href":"https:\/\/olaf.kunden.dedando.de\/index.php?rest_route=\/wp\/v2\/types\/page"}],"author":[{"embeddable":true,"href":"https:\/\/olaf.kunden.dedando.de\/index.php?rest_route=\/wp\/v2\/users\/1"}],"replies":[{"embeddable":true,"href":"https:\/\/olaf.kunden.dedando.de\/index.php?rest_route=%2Fwp%2Fv2%2Fcomments&post=2"}],"version-history":[{"count":9,"href":"https:\/\/olaf.kunden.dedando.de\/index.php?rest_route=\/wp\/v2\/pages\/2\/revisions"}],"predecessor-version":[{"id":16,"href":"https:\/\/olaf.kunden.dedando.de\/index.php?rest_route=\/wp\/v2\/pages\/2\/revisions\/16"}],"wp:attachment":[{"href":"https:\/\/olaf.kunden.dedando.de\/index.php?rest_route=%2Fwp%2Fv2%2Fmedia&parent=2"}],"curies":[{"name":"wp","href":"https:\/\/api.w.org\/{rel}","templated":true}]}}